{"id":163,"date":"2024-01-24T01:41:14","date_gmt":"2024-01-23T22:41:14","guid":{"rendered":"https:\/\/tektiklakurye.com.tr\/?page_id=163"},"modified":"2024-02-29T20:26:21","modified_gmt":"2024-02-29T17:26:21","slug":"hizmetler","status":"publish","type":"page","link":"https:\/\/tektiklakurye.com.tr\/?page_id=163","title":{"rendered":".: H\u0130ZMETLER"},"content":{"rendered":"\n<p><\/p>\n\n\n\n<p><strong><a href=\"https:\/\/tektiklakurye.com.tr\/\">Bayrampa\u015fa motorlu kurye<\/a><\/strong>, <a href=\"https:\/\/tektiklakurye.com.tr\/\">istanbul motorlu kurye<\/a>, <a href=\"https:\/\/tektiklakurye.com.tr\/\" data-type=\"link\" data-id=\"https:\/\/tektiklakurye.com.tr\/\">ikitelli motorlu kurye <\/a>, <a href=\"https:\/\/tektiklakurye.com.tr\/\" data-type=\"link\" data-id=\"https:\/\/tektiklakurye.com.tr\/\">beylikd\u00fcz\u00fc motorlu kurye<\/a> , <a href=\"https:\/\/tektiklakurye.com.tr\/hizmetler\/\" data-type=\"page\" data-id=\"163\">gaziosmapa\u015fa motorlu kury<\/a>e<\/p>\n\n\n\n<p><\/p>\n\n\n\n<figure class=\"wp-block-image size-full is-resized\"><img loading=\"lazy\" decoding=\"async\" width=\"505\" height=\"306\" src=\"https:\/\/tektiklakurye.com.tr\/wp-content\/uploads\/2024\/01\/cropped-mock-up-header-2.webp\" alt=\"\" class=\"wp-image-603\" style=\"width:304px;height:auto\" srcset=\"https:\/\/tektiklakurye.com.tr\/wp-content\/uploads\/2024\/01\/cropped-mock-up-header-2.webp 505w, https:\/\/tektiklakurye.com.tr\/wp-content\/uploads\/2024\/01\/cropped-mock-up-header-2-300x182.webp 300w\" sizes=\"auto, (max-width: 505px) 100vw, 505px\" \/><\/figure>\n\n\n\n<figure class=\"wp-block-gallery has-nested-images columns-default is-cropped wp-block-gallery-1 is-layout-flex wp-block-gallery-is-layout-flex\"><\/figure>\n","protected":false},"excerpt":{"rendered":"<p>Bayrampa\u015fa motorlu kurye, istanbul motorlu kurye, ikitelli motorlu kurye , beylikd\u00fcz\u00fc motorlu kurye , gaziosmapa\u015fa motorlu kurye<\/p>\n","protected":false},"author":1,"featured_media":0,"parent":0,"menu_order":0,"comment_status":"closed","ping_status":"closed","template":"","meta":{"footnotes":""},"class_list":["post-163","page","type-page","status-publish","hentry"],"_links":{"self":[{"href":"https:\/\/tektiklakurye.com.tr\/index.php?rest_route=\/wp\/v2\/pages\/163","targetHints":{"allow":["GET"]}}],"collection":[{"href":"https:\/\/tektiklakurye.com.tr\/index.php?rest_route=\/wp\/v2\/pages"}],"about":[{"href":"https:\/\/tektiklakurye.com.tr\/index.php?rest_route=\/wp\/v2\/types\/page"}],"author":[{"embeddable":true,"href":"https:\/\/tektiklakurye.com.tr\/index.php?rest_route=\/wp\/v2\/users\/1"}],"replies":[{"embeddable":true,"href":"https:\/\/tektiklakurye.com.tr\/index.php?rest_route=%2Fwp%2Fv2%2Fcomments&post=163"}],"version-history":[{"count":7,"href":"https:\/\/tektiklakurye.com.tr\/index.php?rest_route=\/wp\/v2\/pages\/163\/revisions"}],"predecessor-version":[{"id":608,"href":"https:\/\/tektiklakurye.com.tr\/index.php?rest_route=\/wp\/v2\/pages\/163\/revisions\/608"}],"wp:attachment":[{"href":"https:\/\/tektiklakurye.com.tr\/index.php?rest_route=%2Fwp%2Fv2%2Fmedia&parent=163"}],"curies":[{"name":"wp","href":"https:\/\/api.w.org\/{rel}","templated":true}]}}